{"id":2090,"date":"2025-02-16T21:57:43","date_gmt":"2025-02-16T20:57:43","guid":{"rendered":"https:\/\/ceplor.com\/?page_id=2090"},"modified":"2025-05-18T09:53:52","modified_gmt":"2025-05-18T07:53:52","slug":"lazarevac","status":"publish","type":"page","link":"https:\/\/ceplor.com\/en\/lazarevac\/","title":{"rendered":"Lazarevac"},"content":{"rendered":"<div data-elementor-type=\"wp-page\" data-elementor-id=\"2090\" class=\"elementor elementor-2090\">\n\t\t\t\t<div class=\"elementor-element elementor-element-dfda71a e-flex e-con-boxed e-con e-parent\" data-id=\"dfda71a\" data-element_type=\"container\" data-e-type=\"container\" data-settings=\"{&quot;background_background&quot;:&quot;classic&quot;}\">\n\t\t\t\t\t<div class=\"e-con-inner\">\n\t\t\t\t<div class=\"elementor-element elementor-element-ca1794c elementor-widget elementor-widget-heading\" data-id=\"ca1794c\" data-element_type=\"widget\" data-e-type=\"widget\" data-widget_type=\"heading.default\">\n\t\t\t\t<div class=\"elementor-widget-container\">\n\t\t\t\t\t<h2 class=\"elementor-heading-title elementor-size-default\">About Lazarevac<\/h2>\t\t\t\t<\/div>\n\t\t\t\t<\/div>\n\t\t\t\t<div class=\"elementor-element elementor-element-b0523d4 elementor-widget elementor-widget-image\" data-id=\"b0523d4\" data-element_type=\"widget\" data-e-type=\"widget\" data-widget_type=\"image.default\">\n\t\t\t\t<div class=\"elementor-widget-container\">\n\t\t\t\t\t\t\t\t\t\t\t\t\t\t\t<img fetchpriority=\"high\" decoding=\"async\" width=\"1600\" height=\"914\" src=\"https:\/\/ceplor.com\/wp-content\/uploads\/2025\/03\/IMG-f9c6978988d02ede0673746c7feee67e-V.jpg\" class=\"attachment-full size-full wp-image-2112\" alt=\"\" srcset=\"https:\/\/ceplor.com\/wp-content\/uploads\/2025\/03\/IMG-f9c6978988d02ede0673746c7feee67e-V.jpg 1600w, https:\/\/ceplor.com\/wp-content\/uploads\/2025\/03\/IMG-f9c6978988d02ede0673746c7feee67e-V-300x171.jpg 300w, https:\/\/ceplor.com\/wp-content\/uploads\/2025\/03\/IMG-f9c6978988d02ede0673746c7feee67e-V-1024x585.jpg 1024w, https:\/\/ceplor.com\/wp-content\/uploads\/2025\/03\/IMG-f9c6978988d02ede0673746c7feee67e-V-768x439.jpg 768w, https:\/\/ceplor.com\/wp-content\/uploads\/2025\/03\/IMG-f9c6978988d02ede0673746c7feee67e-V-1536x877.jpg 1536w, https:\/\/ceplor.com\/wp-content\/uploads\/2025\/03\/IMG-f9c6978988d02ede0673746c7feee67e-V-18x10.jpg 18w\" sizes=\"(max-width: 1600px) 100vw, 1600px\" \/>\t\t\t\t\t\t\t\t\t\t\t\t\t\t\t<\/div>\n\t\t\t\t<\/div>\n\t\t\t\t\t<\/div>\n\t\t\t\t<\/div>\n\t\t<div class=\"elementor-element elementor-element-c8ddf9c e-flex e-con-boxed e-con e-parent\" data-id=\"c8ddf9c\" data-element_type=\"container\" data-e-type=\"container\">\n\t\t\t\t\t<div class=\"e-con-inner\">\n\t\t\t\t<div class=\"elementor-element elementor-element-5073f44 elementor-widget elementor-widget-heading\" data-id=\"5073f44\" data-element_type=\"widget\" data-e-type=\"widget\" data-widget_type=\"heading.default\">\n\t\t\t\t<div class=\"elementor-widget-container\">\n\t\t\t\t\t<h2 class=\"elementor-heading-title elementor-size-default\">Lazarevac<\/h2>\t\t\t\t<\/div>\n\t\t\t\t<\/div>\n\t\t\t\t\t<\/div>\n\t\t\t\t<\/div>\n\t\t<div class=\"elementor-element elementor-element-912fef4 e-flex e-con-boxed e-con e-parent\" data-id=\"912fef4\" data-element_type=\"container\" data-e-type=\"container\">\n\t\t\t\t\t<div class=\"e-con-inner\">\n\t\t\t\t<div class=\"elementor-element elementor-element-675f898 elementor-widget elementor-widget-text-editor\" data-id=\"675f898\" data-element_type=\"widget\" data-e-type=\"widget\" data-widget_type=\"text-editor.default\">\n\t\t\t\t<div class=\"elementor-widget-container\">\n\t\t\t\t\t\t\t\t\t<p>The city municipality of Lazarevac, as the most important industrial center of Serbia, has always been faced with the challenge of planning its future. The great dependence of the lives of the inhabitants of the entire municipality on the development and stability of the Kolubara mining basin, the limitation of coal as a resource, but also the need for environmental protection, contributed to the fact that all efforts in the past period related to the development of other economic branches as well as the development of entrepreneurship were faced with challenges in terms of long-term stability, stability and perseverance.<\/p><p>On the other hand, although it is an industrial center, where a large part of the municipality is under the direct influence of coal mining, Lazarevac has other, primarily human as well as natural and infrastructural resources that, with good strategic planning and engagement, can contribute to the further development of the local community, thereby influencing the sustainable future of the municipality.\u00a0<\/p><p>The geographical position of Lazarevac and its connectivity, proximity to Belgrade as a large market but also to different target groups along with the even development of infrastructure in the rural area with the implementation of the goals outlined in the development strategies can further accelerate the development of the local community and give them a greater effect in the economic and social sense.<\/p><p>In this regard, one of the directions of development and the pillars of the future sustainability of the local community must be the diversification of the local economy, which will aim to make maximum use of all the potentials available to the municipality of Lazarevac, from human resources to natural and infrastructural potentials.<\/p><p>In accordance with the above, the Center for Support of Local Sustainable Development will, in its work, through projects and local initiatives, particularly strive to achieve the following goals that will contribute to the survival and sustainability of Lazarevac as an attractive environment for life and work:<\/p><p>1. Diversification of the local economy through projects that enhance the use of all other resources available to the municipality of Lazarevac<\/p><p>2. Improving the state of the environment - we believe that a healthy environment is one of the key prerequisites for the development and increase of the attractiveness of our municipality<\/p><p>3. Development of entrepreneurship - human potential is the main potential in any environment. It is estimated that each community has about 5% of the entrepreneurial population that has the potential to design, start and run their own business. Our task will be to reach as much of this population as possible, to help them in the initial stages of development and support them to create a successful business.<\/p><p>4. Development of agriculture - Developing an integrated approach to the development of agriculture and villages, by looking at the space with all its potential, will enable the definition of the role of each village, whether it will just be a place to live for employees in nearby urban areas or specialization in one or more branches of agriculture. Our goal is to provide support in the diversification of the economy in rural areas, encouragement of entrepreneurship and agricultural production, affirmation of conventional but also non-conventional products, adding value through processing and direct sales. We see tourism and recreation, as well as other small-scale services as a business activity in the countryside, as an opportunity that needs to be supported through project support.<\/p><p>5. Development of tourism - although Lazarevac is not an attractive tourist destination, it has certain potential (cultural-historical, natural, manifestations, etc.) which, with adequate planning and management, can become a significant driving force for the development of the municipality and other branches of the local economy.<\/p><p>6. Development of infrastructure - We believe that it is necessary to develop infrastructure that will have a multiplied effect on the economic development of the local community<\/p><p>7. Improvement of urban and integral planning of city development - integral urban planning of city development in the energy transition implies a comprehensive approach that includes the analysis of urban, social, economic and ecological aspects of the city. Key aspects of development include:<br \/>\u2022 Assessment of the current urban situation<br \/>\u2022 Development of the economy diversification strategy<br \/>\u2022 Alignment with energy transition policies<br \/>\u2022 Community and stakeholder involvement<br \/>\u2022 Sustainable urban planning<br \/>\u2022 Restoration and revitalization of industrial zones<\/p><p>8. Energy and fair transition - Lazarevac, as a predominantly coal region, should take advantage of the global trends of the energy transition, which we cannot influence, but we can get involved in initiatives and projects that give us the chance to more efficiently and effectively plan the sustainable future of our municipality, use the knowledge and experience of other cities and municipalities throughout Europe, which have gone through or are going through the same processes, as well as in the future use funds that will be specially created for these purposes. This is a long-term process that will last 20 years and has a chance of success if we start now. Our position is that these global processes represent an opportunity for our municipality, not a threat, with the condition that all relevant factors get involved in time and understand the seriousness of the situation.<\/p><p>\u00a0<\/p>\t\t\t\t\t\t\t\t<\/div>\n\t\t\t\t<\/div>\n\t\t\t\t\t<\/div>\n\t\t\t\t<\/div>\n\t\t<div class=\"elementor-element elementor-element-9a077ce e-flex e-con-boxed e-con e-parent\" data-id=\"9a077ce\" data-element_type=\"container\" data-e-type=\"container\" data-settings=\"{&quot;background_background&quot;:&quot;gradient&quot;}\">\n\t\t\t\t\t<div class=\"e-con-inner\">\n\t\t<div class=\"elementor-element elementor-element-3ba5d28 e-flex e-con-boxed e-con e-child\" data-id=\"3ba5d28\" data-element_type=\"container\" data-e-type=\"container\" data-settings=\"{&quot;background_background&quot;:&quot;gradient&quot;}\">\n\t\t\t\t\t<div class=\"e-con-inner\">\n\t\t<div class=\"elementor-element elementor-element-c11c2e3 e-flex e-con-boxed e-con e-child\" data-id=\"c11c2e3\" data-element_type=\"container\" data-e-type=\"container\" data-settings=\"{&quot;background_background&quot;:&quot;classic&quot;}\">\n\t\t\t\t\t<div class=\"e-con-inner\">\n\t\t<div class=\"elementor-element elementor-element-85bdf0f e-con-full e-flex e-con e-child\" data-id=\"85bdf0f\" data-element_type=\"container\" data-e-type=\"container\">\n\t\t\t\t<div class=\"elementor-element elementor-element-4db2fa1 elementor-widget elementor-widget-heading\" data-id=\"4db2fa1\" data-element_type=\"widget\" data-e-type=\"widget\" data-widget_type=\"heading.default\">\n\t\t\t\t<div class=\"elementor-widget-container\">\n\t\t\t\t\t<h3 class=\"elementor-heading-title elementor-size-default\">Contact us and see for yourself how ideas become real projects<\/h3>\t\t\t\t<\/div>\n\t\t\t\t<\/div>\n\t\t\t\t<\/div>\n\t\t<div class=\"elementor-element elementor-element-107c192 e-con-full e-flex e-con e-child\" data-id=\"107c192\" data-element_type=\"container\" data-e-type=\"container\">\n\t\t\t\t<div class=\"elementor-element elementor-element-24733df elementor-widget elementor-widget-button\" data-id=\"24733df\" data-element_type=\"widget\" data-e-type=\"widget\" data-widget_type=\"button.default\">\n\t\t\t\t<div class=\"elementor-widget-container\">\n\t\t\t\t\t\t\t\t\t<div class=\"elementor-button-wrapper\">\n\t\t\t\t\t<a class=\"elementor-button elementor-button-link elementor-size-sm\" href=\"https:\/\/ceplor.com\/en\/usluge\/\">\n\t\t\t\t\t\t<span class=\"elementor-button-content-wrapper\">\n\t\t\t\t\t\t\t\t\t<span class=\"elementor-button-text\">Learn more<\/span>\n\t\t\t\t\t<\/span>\n\t\t\t\t\t<\/a>\n\t\t\t\t<\/div>\n\t\t\t\t\t\t\t\t<\/div>\n\t\t\t\t<\/div>\n\t\t\t\t<div class=\"elementor-element elementor-element-bd64471 elementor-widget elementor-widget-button\" data-id=\"bd64471\" data-element_type=\"widget\" data-e-type=\"widget\" data-widget_type=\"button.default\">\n\t\t\t\t<div class=\"elementor-widget-container\">\n\t\t\t\t\t\t\t\t\t<div class=\"elementor-button-wrapper\">\n\t\t\t\t\t<a class=\"elementor-button elementor-button-link elementor-size-sm\" href=\"https:\/\/ceplor.com\/en\/kontakt\/\">\n\t\t\t\t\t\t<span class=\"elementor-button-content-wrapper\">\n\t\t\t\t\t\t\t\t\t<span class=\"elementor-button-text\">Contact<\/span>\n\t\t\t\t\t<\/span>\n\t\t\t\t\t<\/a>\n\t\t\t\t<\/div>\n\t\t\t\t\t\t\t\t<\/div>\n\t\t\t\t<\/div>\n\t\t\t\t<\/div>\n\t\t\t\t\t<\/div>\n\t\t\t\t<\/div>\n\t\t\t\t\t<\/div>\n\t\t\t\t<\/div>\n\t\t\t\t\t<\/div>\n\t\t\t\t<\/div>\n\t\t\t\t<\/div>","protected":false},"excerpt":{"rendered":"<p>O Lazarevcu Lazarevac Gradska op\u0161tina Lazarevac je kao najzna\u010dajniji industrijski centar Srbije, oduvek bila suo\u010dena sa izazovom planiranja svoje budu\u0107nosti. Velika zavisnost \u017eivota stanovnika \u010ditave op\u0161tine od razvoja i stabilnosti rudarskog basena Kolubara, ograni\u010denost uglja kao resursa ali i potrebe u za\u0161titi \u017eivotne sredine, doprineli su da su svi napori u proteklom periodu koji su [&hellip;]<\/p>","protected":false},"author":1,"featured_media":0,"parent":0,"menu_order":0,"comment_status":"closed","ping_status":"closed","template":"","meta":{"footnotes":""},"class_list":["post-2090","page","type-page","status-publish","hentry"],"blocksy_meta":{"page_title_panel":"","has_hero_section":"disabled","e38715bb122191d12b00a4ff2f5acc0d":"","hero_section":"type-1","hero_elements":[{"id":"custom_title","enabled":true,"heading_tag":"h1","title":"Home"},{"id":"custom_description","enabled":true,"description_visibility":{"desktop":true,"tablet":true,"mobile":false}},{"id":"custom_meta","enabled":false,"meta_elements":[{"id":"author","enabled":true,"label":"By","has_author_avatar":"yes","avatar_size":25},{"id":"post_date","enabled":true,"label":"On","date_format_source":"default","date_format":"M j, Y"},{"id":"updated_date","enabled":false,"label":"On","date_format_source":"default","date_format":"M j, Y"},{"id":"categories","enabled":false,"label":"In","style":"simple"},{"id":"comments","enabled":true}],"page_meta_elements":{"joined":true,"articles_count":true,"comments":true}},{"id":"breadcrumbs","enabled":false}],"cdfdc69e127db85256160ecef73f61cf":"","hero_alignment1":"CT_CSS_SKIP_RULE","hero_margin":40,"hero_alignment2":"center","hero_vertical_alignment":"center","6fea0e66a2b5d6a4880c87191c0e3589":"","hero_structure":"narrow","caec56dac1f3124aba4f24b90c3f166d":"","page_title_bg_type":"featured_image","custom_hero_background":{"attachment_id":null},"page_title_image_size":"full","parallax":{"desktop":false,"tablet":false,"mobile":false},"07106ee7ed2e4852a96bbd1e7c3ca084":"","hero_height":"250px","pageTitleFont":{"family":"Default","variation":"Default","size":"30px","line-height":"CT_CSS_SKIP_RULE","letter-spacing":"CT_CSS_SKIP_RULE","text-transform":"CT_CSS_SKIP_RULE","text-decoration":"CT_CSS_SKIP_RULE"},"pageTitleFontColor":{"default":{"color":"CT_CSS_SKIP_RULEDEFAULT"}},"pageMetaFont":{"family":"Default","variation":"n6","size":"12px","line-height":"1.3","letter-spacing":"CT_CSS_SKIP_RULE","text-transform":"uppercase","text-decoration":"CT_CSS_SKIP_RULE"},"pageMetaFontColor":{"default":{"color":"CT_CSS_SKIP_RULEDEFAULT"},"hover":{"color":"CT_CSS_SKIP_RULEDEFAULT"}},"page_meta_button_type_font_colors":{"default":{"color":"CT_CSS_SKIP_RULEDEFAULT"},"hover":{"color":"CT_CSS_SKIP_RULEDEFAULT"}},"page_meta_button_type_background_colors":{"default":{"color":"CT_CSS_SKIP_RULEDEFAULT"},"hover":{"color":"CT_CSS_SKIP_RULEDEFAULT"}},"pageExcerptFont":{"family":"Default","variation":"Default","size":"CT_CSS_SKIP_RULE","line-height":"CT_CSS_SKIP_RULE","letter-spacing":"CT_CSS_SKIP_RULE","text-transform":"CT_CSS_SKIP_RULE","text-decoration":"CT_CSS_SKIP_RULE"},"pageExcerptColor":{"default":{"color":"CT_CSS_SKIP_RULEDEFAULT"}},"breadcrumbsFont":{"family":"Default","variation":"Default","size":"CT_CSS_SKIP_RULE","line-height":"CT_CSS_SKIP_RULE","letter-spacing":"CT_CSS_SKIP_RULE","text-transform":"CT_CSS_SKIP_RULE","text-decoration":"CT_CSS_SKIP_RULE"},"breadcrumbsFontColor":{"default":{"color":"CT_CSS_SKIP_RULEDEFAULT"},"initial":{"color":"CT_CSS_SKIP_RULEDEFAULT"},"hover":{"color":"CT_CSS_SKIP_RULEDEFAULT"}},"pageTitleOverlay":{"background_type":"color","background_pattern":"type-1","background_image":{"attachment_id":null,"x":0,"y":0},"gradient":"linear-gradient(135deg,rgba(6,147,227,1) 0%,rgb(155,81,224) 100%)","background_repeat":"repeat","background_size":"auto","background_attachment":"scroll","patternColor":{"default":{"color":"#e5e7ea"}},"overlayColor":{"default":{"color":"CT_CSS_SKIP_RULE"}},"backgroundColor":{"default":{"color":"CT_CSS_SKIP_RULE"}}},"pageTitleBackground":{"background_type":"color","background_pattern":"type-1","background_image":{"attachment_id":null,"x":0,"y":0},"gradient":"linear-gradient(135deg,rgba(6,147,227,1) 0%,rgb(155,81,224) 100%)","background_repeat":"repeat","background_size":"auto","background_attachment":"scroll","patternColor":{"default":{"color":"#e5e7ea"}},"overlayColor":{"default":{"color":"CT_CSS_SKIP_RULE"}},"backgroundColor":{"default":{"color":"var(--theme-palette-color-6)"}}},"pageTitlePadding":{"top":"50px","bottom":"50px","left":"auto","right":"auto","linked":true},"8731634cc32e95e0be09e75dbf703b3f":"","page_structure_type":"default","6ef7870ac163491031ebf652adea8358":"","content_style_source":"inherit","content_style":"wide","vertical_spacing_source":"custom","content_area_spacing":"none","background":{"background_type":"color","background_pattern":"type-1","background_image":{"attachment_id":null,"x":0,"y":0},"gradient":"linear-gradient(135deg,rgba(6,147,227,1) 0%,rgb(155,81,224) 100%)","background_repeat":"repeat","background_size":"auto","background_attachment":"scroll","patternColor":{"default":{"color":"#e5e7ea"}},"overlayColor":{"default":{"color":"CT_CSS_SKIP_RULE"}},"backgroundColor":{"default":{"color":"CT_CSS_SKIP_RULE"}}},"content_background":{"background_type":"color","background_pattern":"type-1","background_image":{"attachment_id":null,"x":0,"y":0},"gradient":"linear-gradient(135deg,rgba(6,147,227,1) 0%,rgb(155,81,224) 100%)","background_repeat":"repeat","background_size":"auto","background_attachment":"scroll","patternColor":{"default":{"color":"#e5e7ea"}},"overlayColor":{"default":{"color":"CT_CSS_SKIP_RULE"}},"backgroundColor":{"default":{"color":"var(--theme-palette-color-8)"}}},"content_boxed_shadow":{"inherit":false,"blur":18,"spread":-6,"v_offset":12,"h_offset":0,"inset":false,"enable":true,"color":{"color":"rgba(34, 56, 101, 0.04)"}},"content_boxed_border":{"width":1,"style":"none","color":{"color":"rgba(44,62,80,0.2)"}},"content_boxed_radius":{"top":"3px","bottom":"3px","left":"3px","right":"3px","linked":true},"boxed_content_spacing":{"desktop":{"top":"40px","bottom":"40px","left":"40px","right":"40px","linked":true},"tablet":{"top":"35px","bottom":"35px","left":"35px","right":"35px","linked":true},"mobile":{"top":"20px","bottom":"20px","left":"20px","right":"20px","linked":true}},"36b606f0b937718d397a640df4fa4b31":"","disable_featured_image":"no","disable_share_box":"no","disable_header":"no","disable_footer":"no","styles_descriptor":{"styles":{"desktop":"","tablet":"","mobile":""},"google_fonts":[],"version":6}},"_links":{"self":[{"href":"https:\/\/ceplor.com\/en\/wp-json\/wp\/v2\/pages\/2090","targetHints":{"allow":["GET"]}}],"collection":[{"href":"https:\/\/ceplor.com\/en\/wp-json\/wp\/v2\/pages"}],"about":[{"href":"https:\/\/ceplor.com\/en\/wp-json\/wp\/v2\/types\/page"}],"author":[{"embeddable":true,"href":"https:\/\/ceplor.com\/en\/wp-json\/wp\/v2\/users\/1"}],"replies":[{"embeddable":true,"href":"https:\/\/ceplor.com\/en\/wp-json\/wp\/v2\/comments?post=2090"}],"version-history":[{"count":0,"href":"https:\/\/ceplor.com\/en\/wp-json\/wp\/v2\/pages\/2090\/revisions"}],"wp:attachment":[{"href":"https:\/\/ceplor.com\/en\/wp-json\/wp\/v2\/media?parent=2090"}],"curies":[{"name":"wp","href":"https:\/\/api.w.org\/{rel}","templated":true}]}}