{"id":1633,"date":"2023-08-02T16:33:59","date_gmt":"2023-08-02T15:33:59","guid":{"rendered":"https:\/\/startuplazarevac.com\/?page_id=1633"},"modified":"2025-03-04T19:40:28","modified_gmt":"2025-03-04T18:40:28","slug":"o-nama","status":"publish","type":"page","link":"https:\/\/ceplor.com\/en\/o-nama\/","title":{"rendered":"About us"},"content":{"rendered":"<div data-elementor-type=\"wp-page\" data-elementor-id=\"1633\" class=\"elementor elementor-1633\">\n\t\t\t\t<div class=\"elementor-element elementor-element-cdbdb41 e-flex e-con-boxed e-con e-parent\" data-id=\"cdbdb41\" data-element_type=\"container\" data-e-type=\"container\" data-settings=\"{&quot;background_background&quot;:&quot;classic&quot;}\">\n\t\t\t\t\t<div class=\"e-con-inner\">\n\t\t\t\t<div class=\"elementor-element elementor-element-2a8bee1 elementor-widget elementor-widget-heading\" data-id=\"2a8bee1\" data-element_type=\"widget\" data-e-type=\"widget\" data-widget_type=\"heading.default\">\n\t\t\t\t<div class=\"elementor-widget-container\">\n\t\t\t\t\t<h2 class=\"elementor-heading-title elementor-size-default\">About us<\/h2>\t\t\t\t<\/div>\n\t\t\t\t<\/div>\n\t\t\t\t<div class=\"elementor-element elementor-element-e1b3095 elementor-widget elementor-widget-image\" data-id=\"e1b3095\" data-element_type=\"widget\" data-e-type=\"widget\" data-widget_type=\"image.default\">\n\t\t\t\t<div class=\"elementor-widget-container\">\n\t\t\t\t\t\t\t\t\t\t\t\t\t\t\t<img fetchpriority=\"high\" decoding=\"async\" width=\"2560\" height=\"1707\" src=\"https:\/\/ceplor.com\/wp-content\/uploads\/2025\/02\/O-nama-scaled.jpg\" class=\"attachment-full size-full wp-image-2082\" alt=\"\" srcset=\"https:\/\/ceplor.com\/wp-content\/uploads\/2025\/02\/O-nama-scaled.jpg 2560w, https:\/\/ceplor.com\/wp-content\/uploads\/2025\/02\/O-nama-300x200.jpg 300w, https:\/\/ceplor.com\/wp-content\/uploads\/2025\/02\/O-nama-1024x683.jpg 1024w, https:\/\/ceplor.com\/wp-content\/uploads\/2025\/02\/O-nama-768x512.jpg 768w, https:\/\/ceplor.com\/wp-content\/uploads\/2025\/02\/O-nama-1536x1024.jpg 1536w, https:\/\/ceplor.com\/wp-content\/uploads\/2025\/02\/O-nama-2048x1365.jpg 2048w, https:\/\/ceplor.com\/wp-content\/uploads\/2025\/02\/O-nama-18x12.jpg 18w\" sizes=\"(max-width: 2560px) 100vw, 2560px\" \/>\t\t\t\t\t\t\t\t\t\t\t\t\t\t\t<\/div>\n\t\t\t\t<\/div>\n\t\t\t\t\t<\/div>\n\t\t\t\t<\/div>\n\t\t<div class=\"elementor-element elementor-element-02ddb4f e-flex e-con-boxed e-con e-parent\" data-id=\"02ddb4f\" data-element_type=\"container\" data-e-type=\"container\">\n\t\t\t\t\t<div class=\"e-con-inner\">\n\t\t\t\t<div class=\"elementor-element elementor-element-a7b25dc elementor-widget elementor-widget-text-editor\" data-id=\"a7b25dc\" data-element_type=\"widget\" data-e-type=\"widget\" data-widget_type=\"text-editor.default\">\n\t\t\t\t<div class=\"elementor-widget-container\">\n\t\t\t\t\t\t\t\t\t<p class=\"translation-block\">\"<strong>Center for support of local sustainable development<\/strong>\" is a non-profit organization founded with the aim of becoming a driver of local and regional sustainable development, using modern methods of project management and the project cycle. Also, our organization was founded with the aim of becoming a place where new ideas are born - a meeting place for all key factors of local and regional development.<\/p><p>General social development depends to a large extent on a large number of small developments at the local and regional level, and the development of local communities depends above all on creative people and institutions that initiate and implement new and sustainable projects.<\/p><p><strong>There is no local development without the right ideas. There are no real ideas without real people.<\/strong><\/p><h4><strong>Objectives of the association<\/strong>:<\/h4><ul><li>improving the social, economic and sustainable development of communities at the local and regional level,<\/li><li>improving the efficiency and work of institutions and training their resources, educating citizens, the economy and institutions in the field of socio-economic and sustainable development<\/li><li>raising awareness, especially of the professional public, about the use of project methods and the creation of sustainable solutions,<\/li><li>support in the development and implementation of local strategies - affirmation of a strategic approach in planning local sustainable development,<\/li><li>raising the population's awareness of the importance of environmental protection from the aspect of sustainable development<\/li><li>providing support in the implementation of local and national environmental protection measures<\/li><li>support in the development and implementation of local economic development strategies<\/li><li>support in the development of local environmental action plans<\/li><\/ul><p><strong>\u00a0<\/strong><strong>Vision<\/strong> of our organization is to become recognizable as an initiator and reliable partner in the field of local and regional development.<\/p><p><strong>\u00a0<\/strong><strong>Mission<\/strong> of our organization is to increase the degree of utilization of local and regional potentials for the purpose of development and sustainability of local communities<\/p><p><strong>\u00a0<\/strong><strong><em>Drivers of local and regional development through the definition and implementation of local development projects, using modern methods of project management and the project cycle<\/em><\/strong><\/p><p>\u00a0<u><\/u><u><\/u><strong>Association references:<\/strong><\/p>\t\t\t\t\t\t\t\t<\/div>\n\t\t\t\t<\/div>\n\t\t\t\t\t<\/div>\n\t\t\t\t<\/div>\n\t\t<div class=\"elementor-element elementor-element-81e730c e-flex e-con-boxed e-con e-parent\" data-id=\"81e730c\" data-element_type=\"container\" data-e-type=\"container\">\n\t\t\t\t\t<div class=\"e-con-inner\">\n\t\t\t\t<div class=\"elementor-element elementor-element-85a4626 elementor-widget elementor-widget-shortcode\" data-id=\"85a4626\" data-element_type=\"widget\" data-e-type=\"widget\" data-widget_type=\"shortcode.default\">\n\t\t\t\t<div class=\"elementor-widget-container\">\n\t\t\t\t\t\t\t<div class=\"elementor-shortcode\">\n<table id=\"tablepress-3\" class=\"tablepress tablepress-id-3\">\n<thead>\n<tr class=\"row-1\">\n\t<th class=\"column-1\">Project<\/th><th class=\"column-2\">Completion Year<\/th><th class=\"column-3\">Clients<\/th>\n<\/tr>\n<\/thead>\n<tbody class=\"row-striping row-hover\">\n<tr class=\"row-2\">\n\t<td class=\"column-1\">Establishment of a project center for local sustainable development GO Lazarevac (EU Exchange 3 program)<\/td><td class=\"column-2\">2011<\/td><td class=\"column-3\">City Municipality of Lazarevac<\/td>\n<\/tr>\n<tr class=\"row-3\">\n\t<td class=\"column-1\">Development of a project application for the ENERGINVEST project (CBC HU-SRB) - \"Investment opportunities in energy production from agricultural biomass\". The project ID: HUSRB\/1203\/213\/129.<\/td><td class=\"column-2\">2012<\/td><td class=\"column-3\">Magyar Meg\u00fajul\u00f3 Energia Sz\u00f6vets\u00e9g<\/td>\n<\/tr>\n<tr class=\"row-4\">\n\t<td class=\"column-1\">Establishment of the \"Plodovi Kolubara\" cluster - technical support of SKGO (EU project)<\/td><td class=\"column-2\">2013<\/td><td class=\"column-3\">City Municipality of Lazarevac<\/td>\n<\/tr>\n<tr class=\"row-5\">\n\t<td class=\"column-1\">Training - PCM for EU funds<\/td><td class=\"column-2\">2013<\/td><td class=\"column-3\">Municipality of Zabalj<\/td>\n<\/tr>\n<tr class=\"row-6\">\n\t<td class=\"column-1\">Training - PCM for EU funds<\/td><td class=\"column-2\">2013<\/td><td class=\"column-3\">Municipality of Irig<\/td>\n<\/tr>\n<tr class=\"row-7\">\n\t<td class=\"column-1\">The Opportunities of the Serbian-Hungarian regional development  - Establishing Incubator houses (Marketing staregy) - podizvo\u0111a\u010di<\/td><td class=\"column-2\">2013<\/td><td class=\"column-3\">Hozam 2001 Vid\u00e9kfejleszt\u0151\u00e9s Gazdas\u00e1gi Szolg\u00e1ltat\u00f3Kft.<\/td>\n<\/tr>\n<tr class=\"row-8\">\n\t<td class=\"column-1\">Creation of a model of an integral tourist product for the project ATRIUM (South-East Europe) - subcontractors<\/td><td class=\"column-2\">2013<\/td><td class=\"column-3\">Fund - Tourist cluster of the Subotica - Pali\u0107 microregion<\/td>\n<\/tr>\n<tr class=\"row-9\">\n\t<td class=\"column-1\">Project writing training and project evaluation<\/td><td class=\"column-2\">2013<\/td><td class=\"column-3\">Resource Center of the Kolubara District<\/td>\n<\/tr>\n<tr class=\"row-10\">\n\t<td class=\"column-1\">Establishment of a beekeeping center - \"Ka\u010derski med\" (EU Exchange 4 program)<\/td><td class=\"column-2\">2014<\/td><td class=\"column-3\">Lazarevac city municipality and agricultural cooperative \"Ka\u010derski med\"<\/td>\n<\/tr>\n<tr class=\"row-11\">\n\t<td class=\"column-1\">Training - PCM for EU funds<\/td><td class=\"column-2\">2014<\/td><td class=\"column-3\">Municipality of Zabalj<\/td>\n<\/tr>\n<tr class=\"row-12\">\n\t<td class=\"column-1\">Preparation of part of the project proposal to be applied to the European Commission, and at the invitation of EACEA 2014 - CREATIVE EUROPE.<\/td><td class=\"column-2\">2014<\/td><td class=\"column-3\">EXIT Fondation<\/td>\n<\/tr>\n<tr class=\"row-13\">\n\t<td class=\"column-1\">Novi Sad - Cultural Capital of Europe (preparation of part of the documentation)<\/td><td class=\"column-2\">2016<\/td><td class=\"column-3\">City of Novi Sad<\/td>\n<\/tr>\n<tr class=\"row-14\">\n\t<td class=\"column-1\">Mobile guide of cultural content - Lazarevac in the palm of your hand<\/td><td class=\"column-2\">2018<\/td><td class=\"column-3\">City of Belgrade, Secretariat for the Economy<\/td>\n<\/tr>\n<tr class=\"row-15\">\n\t<td class=\"column-1\">Digitize yourself by presenting e-commerce to new customers<\/td><td class=\"column-2\">2020<\/td><td class=\"column-3\">Ministry of Trade, Tourism and Telecommunications<\/td>\n<\/tr>\n<tr class=\"row-16\">\n\t<td class=\"column-1\">Online store - the fruits of hard work<\/td><td class=\"column-2\">2021<\/td><td class=\"column-3\">Ministry of Trade, Tourism and Telecommunications<\/td>\n<\/tr>\n<tr class=\"row-17\">\n\t<td class=\"column-1\">START UP - Lazarevac<\/td><td class=\"column-2\">2023<\/td><td class=\"column-3\">City of Belgrade, Secretariat for the Economy<\/td>\n<\/tr>\n<tr class=\"row-18\">\n\t<td class=\"column-1\">Organization of two panel discussions on the topic of energy and transition of regions dependent on coal with the support of the Belgrade Open School (BO\u0160) and the Network for Democratic Dialogue (MDD).<\/td><td class=\"column-2\">2024<\/td><td class=\"column-3\">Beogradska otvorena \u0161kola, Mre\u017ea za demokratski dijalog<\/td>\n<\/tr>\n<tr class=\"row-19\">\n\t<td class=\"column-1\">Saradnici na projektu - \"Pravedna tranzicija u Srbiji\"<\/td><td class=\"column-2\">2025<\/td><td class=\"column-3\">Nosilac projekta - Mre\u017ea za demokratski dijalog<br \/>\nProjekat finansira - \"Olof Palme International Center\"<\/td>\n<\/tr>\n<\/tbody>\n<\/table>\n<!-- #tablepress-3 from cache --><\/div>\n\t\t\t\t\t\t<\/div>\n\t\t\t\t<\/div>\n\t\t\t\t\t<\/div>\n\t\t\t\t<\/div>\n\t\t\t\t<\/div>","protected":false},"excerpt":{"rendered":"<p>O nama \u201eCentar za podr\u0161ku lokalnom odr\u017eivom razvoju\u201c je neprofitna organizacija osnovana sa ciljem da postane pokreta\u010d lokalnog i regionalnog odr\u017eivog razvoja, primenom savremenih metoda upravljanja projektima i projektnog ciklusa. Tako\u0111e, na\u0161a organizacija je osnovana sa ciljem da postane mesto gde se ra\u0111aju nove ideje \u2013 mesto susreta svih klju\u010dnih \u010dinilaca lokalnog i regionalnog razvoja. [&hellip;]<\/p>","protected":false},"author":1,"featured_media":0,"parent":0,"menu_order":0,"comment_status":"closed","ping_status":"closed","template":"","meta":{"footnotes":""},"class_list":["post-1633","page","type-page","status-publish","hentry"],"blocksy_meta":{"has_hero_section":"disabled","vertical_spacing_source":"custom","content_area_spacing":"none"},"_links":{"self":[{"href":"https:\/\/ceplor.com\/en\/wp-json\/wp\/v2\/pages\/1633","targetHints":{"allow":["GET"]}}],"collection":[{"href":"https:\/\/ceplor.com\/en\/wp-json\/wp\/v2\/pages"}],"about":[{"href":"https:\/\/ceplor.com\/en\/wp-json\/wp\/v2\/types\/page"}],"author":[{"embeddable":true,"href":"https:\/\/ceplor.com\/en\/wp-json\/wp\/v2\/users\/1"}],"replies":[{"embeddable":true,"href":"https:\/\/ceplor.com\/en\/wp-json\/wp\/v2\/comments?post=1633"}],"version-history":[{"count":0,"href":"https:\/\/ceplor.com\/en\/wp-json\/wp\/v2\/pages\/1633\/revisions"}],"wp:attachment":[{"href":"https:\/\/ceplor.com\/en\/wp-json\/wp\/v2\/media?parent=1633"}],"curies":[{"name":"wp","href":"https:\/\/api.w.org\/{rel}","templated":true}]}}